{"id":1286,"date":"2023-10-03T13:49:39","date_gmt":"2023-10-03T13:49:39","guid":{"rendered":"https:\/\/tomeucaldentey.com\/?page_id=1286"},"modified":"2024-03-14T12:27:03","modified_gmt":"2024-03-14T12:27:03","slug":"politica-de-cookies","status":"publish","type":"page","link":"https:\/\/tomeucaldentey.com\/ca\/politica-de-cookies\/","title":{"rendered":"Pol\u00edtica de cookies"},"content":{"rendered":"\n<p>Pol\u00edtica de cookies<\/p>\n\n\n\n<p>Qu\u00e8 \u00e9s una galeta?<\/p>\n\n\n\n<p>Una galeta \u00e9s un fitxer que es descarrega en un dispositiu (ordinador o tel\u00e8fon m\u00f2bil) en accedir a determinades p\u00e0gines web. Les galetes permeten a una p\u00e0gina web, entre altres coses, emmagatzemar i recuperar informaci\u00f3 sobre els h\u00e0bits de navegaci\u00f3 d&#8217;un usuari o d&#8217;un equip i, depenent de la informaci\u00f3 que continguin i de la manera com utilitzi el seu equip, es poden utilitzar per recon\u00e8ixer a l&#8217;usuari.<\/p>\n\n\n\n<p>Galetes que utilitza aquesta p\u00e0gina web<\/p>\n\n\n\n<p>Cookies de seguretat: permet autenticar els usuaris per protegir les dades davant de tercers no autoritzats.<br>Galetes anal\u00edtiques: s\u00f3n aquelles que permeten al responsable de les mateixes el seguiment i l&#8217;an\u00e0lisi del comportament dels usuaris de la p\u00e0gina web.<br>Cookies de sessi\u00f3: s\u00f3n un tipus de cookies dissenyades per demanar i emmagatzemar dades mentre l&#8217;usuari accedeix a la p\u00e0gina web.<br>Cookies persistents: s\u00f3n un tipus de cookies en qu\u00e8 les dades segueixen emmagatzemades al terminal i poden ser accedides i tractades per un per\u00edode definit pel responsable de la galeta.<br>Bloquejar i esborrar cookies<\/p>\n\n\n\n<p>Vost\u00e8 pot permetre, bloquejar o eliminar les cookies instal\u00b7lades al vostre equip mitjan\u00e7ant la configuraci\u00f3 de les opcions del navegador instal\u00b7lat al vostre ordinador.<br>\u00d8 Per a m\u00e9s informaci\u00f3 sobre com bloquejar i esborrar l&#8217;\u00fas de les cookies amb el navegador Firefox feu clic aqu\u00ed.<br>\u00d8 Per a m\u00e9s informaci\u00f3 sobre com bloquejar i esborrar l&#8217;\u00fas de les galetes al navegador de Google Chrome feu clic aqu\u00ed.<br>\u00d8 Per a m\u00e9s informaci\u00f3 sobre com bloquejar i esborrar l&#8217;\u00fas de les galetes amb el navegador Internet Explorer premi aqu\u00ed.<\/p>\n\n\n\n<p>Detall de les galetes<\/p>\n\n\n\n<p>NOM TIPUS\/FINALITAT CADUCITAT TITULAR M\u00c9S INFORMACI\u00d3<br>SID Cookie de seguretat En finalitzar la sessi\u00f3 de navegaci\u00f3 Google Pol\u00edtica de privadesa de Google<br>__utma Cookie anal\u00edtica: recull informaci\u00f3 sobre les visites de l&#8217;usuari a la p\u00e0gina web. En dos anys Google analytics Pol\u00edtica de privadesa de Google<br>__utmb Cookie anal\u00edtica: recull informaci\u00f3 del moment en qu\u00e8 l&#8217;usuari entra a la p\u00e0gina web. En 30 minuts Google analytics Pol\u00edtica de privadesa de Google<br>__utmc Cookie anal\u00edtica: recull informaci\u00f3 del moment en qu\u00e8 l&#8217;usuari surt de la p\u00e0gina web En finalitzar la sessi\u00f3 del navegador Google analytics Pol\u00edtica de privadesa de Google<br>__utmz Cookie anal\u00edtica: recull sobre com l&#8217;usuari ha trobat la p\u00e0gina web. En 6 mesos Google analytics Pol\u00edtica de privadesa de Google<\/p>\n","protected":false},"excerpt":{"rendered":"<p>Pol\u00edtica de cookies Qu\u00e8 \u00e9s una galeta? Una galeta \u00e9s un fitxer que es descarrega en un dispositiu (ordinador o tel\u00e8fon m\u00f2bil) en accedir a determinades p\u00e0gines web. Les galetes permeten a una p\u00e0gina web, entre altres coses, emmagatzemar i recuperar informaci\u00f3 sobre els h\u00e0bits de navegaci\u00f3 d&#8217;un usuari o d&#8217;un equip i, depenent de [&hellip;]<\/p>\n","protected":false},"author":1,"featured_media":0,"parent":0,"menu_order":0,"comment_status":"closed","ping_status":"closed","template":"","meta":{"footnotes":""},"class_list":["post-1286","page","type-page","status-publish","hentry"],"_links":{"self":[{"href":"https:\/\/tomeucaldentey.com\/ca\/wp-json\/wp\/v2\/pages\/1286","targetHints":{"allow":["GET"]}}],"collection":[{"href":"https:\/\/tomeucaldentey.com\/ca\/wp-json\/wp\/v2\/pages"}],"about":[{"href":"https:\/\/tomeucaldentey.com\/ca\/wp-json\/wp\/v2\/types\/page"}],"author":[{"embeddable":true,"href":"https:\/\/tomeucaldentey.com\/ca\/wp-json\/wp\/v2\/users\/1"}],"replies":[{"embeddable":true,"href":"https:\/\/tomeucaldentey.com\/ca\/wp-json\/wp\/v2\/comments?post=1286"}],"version-history":[{"count":1,"href":"https:\/\/tomeucaldentey.com\/ca\/wp-json\/wp\/v2\/pages\/1286\/revisions"}],"predecessor-version":[{"id":1287,"href":"https:\/\/tomeucaldentey.com\/ca\/wp-json\/wp\/v2\/pages\/1286\/revisions\/1287"}],"wp:attachment":[{"href":"https:\/\/tomeucaldentey.com\/ca\/wp-json\/wp\/v2\/media?parent=1286"}],"curies":[{"name":"wp","href":"https:\/\/api.w.org\/{rel}","templated":true}]}}