{"id":1219,"date":"2024-01-12T15:52:10","date_gmt":"2024-01-12T15:52:10","guid":{"rendered":"https:\/\/tomeucaldentey.com\/reserviert-tomeu-caldentey\/"},"modified":"2026-03-31T08:54:44","modified_gmt":"2026-03-31T08:54:44","slug":"reserviert-tomeu-caldentey","status":"publish","type":"page","link":"https:\/\/tomeucaldentey.com\/de\/reserviert-tomeu-caldentey\/","title":{"rendered":"Reserviert Tomeu Caldentey"},"content":{"rendered":"\t\t<div data-elementor-type=\"wp-page\" data-elementor-id=\"1219\" class=\"elementor elementor-1219 elementor-36\" data-elementor-post-type=\"page\">\n\t\t\t\t<div class=\"elementor-element elementor-element-6ea6d76 e-flex e-con-boxed e-con e-parent\" data-id=\"6ea6d76\" data-element_type=\"container\" data-e-type=\"container\">\n\t\t\t\t\t<div class=\"e-con-inner\">\n\t\t\t\t<div class=\"elementor-element elementor-element-393443d elementor-widget elementor-widget-heading\" data-id=\"393443d\" data-element_type=\"widget\" data-e-type=\"widget\" data-widget_type=\"heading.default\">\n\t\t\t\t<div class=\"elementor-widget-container\">\n\t\t\t\t\t<h1 class=\"elementor-heading-title elementor-size-default\">Online reservieren<\/h1>\t\t\t\t<\/div>\n\t\t\t\t<\/div>\n\t\t\t\t<div class=\"elementor-element elementor-element-5d50a78 elementor-widget elementor-widget-heading\" data-id=\"5d50a78\" data-element_type=\"widget\" data-e-type=\"widget\" data-widget_type=\"heading.default\">\n\t\t\t\t<div class=\"elementor-widget-container\">\n\t\t\t\t\t<p class=\"elementor-heading-title elementor-size-default\">W\u00e4hlen Sie eine Option \u2193<\/p>\t\t\t\t<\/div>\n\t\t\t\t<\/div>\n\t\t\t\t<div class=\"elementor-element elementor-element-7fa9190 elementor-widget__width-initial elementor-widget elementor-widget-ucaddon_content_tabs\" data-id=\"7fa9190\" data-element_type=\"widget\" data-e-type=\"widget\" data-widget_type=\"ucaddon_content_tabs.default\">\n\t\t\t\t<div class=\"elementor-widget-container\">\n\t\t\t\t\t\n<!-- start Content Tabs -->\n\t\t<link id='font-awesome-css' href='https:\/\/tomeucaldentey.com\/wp-content\/plugins\/unlimited-elements-for-elementor-premium\/assets_libraries\/font-awesome6\/fontawesome-all.min.css' type='text\/css' rel='stylesheet' >\n\t\t<link id='font-awesome-4-shim-css' href='https:\/\/tomeucaldentey.com\/wp-content\/plugins\/unlimited-elements-for-elementor-premium\/assets_libraries\/font-awesome6\/fontawesome-v4-shims.min.css' type='text\/css' rel='stylesheet' >\n\n<style>\/* widget: Content Tabs *\/\n\n#uc_content_tabs_elementor_7fa9190 * {\n    box-sizing: border-box;\n}\n\n#uc_content_tabs_elementor_7fa9190 { \n  text-align: center; \n  position: relative;\n  overflow:hidden;\n  display:flex;\n  flex-direction:column;\n}\n\n#uc_content_tabs_elementor_7fa9190 .ue-graphic-element{\n  display:inline-flex;\n  align-items:center;\n  justify-content:center;\n  line-height:1em;\n  overflow:hidden;\n}\n\n#uc_content_tabs_elementor_7fa9190 .ue-graphic-element svg{\n  height:1em;\n  width:1em;\n}\n\n#uc_content_tabs_elementor_7fa9190 .ue-graphic-element img{\n  display:block;\n}\n\n#uc_content_tabs_elementor_7fa9190 .ue-item-image img{\n  width:100%;\n  display:block;\n}\n\n#uc_content_tabs_elementor_7fa9190 .ue-ge-icon,\n#uc_content_tabs_elementor_7fa9190 .ue-ge-text{\n  transition: all, .3s ease;\n}\n\n#uc_content_tabs_elementor_7fa9190 .uc_container .uc_btn {\n    text-align: center;\n    display: inline-block;\n    text-decoration: none;\n    transition: ease-in-out all 0.25s;\n}\n\n\t\n\n#uc_content_tabs_elementor_7fa9190 .ue-tab-btn{\n  transition: 0.5s;\n} \n\n#uc_content_tabs_elementor_7fa9190 > ul.ue-tabs{\n   margin:0px;\n   list-style:none;\n   display:flex;\n}\n\n  #uc_content_tabs_elementor_7fa9190 > ul.ue-tabs{\n      justify-content:flex-start;\n      flex-wrap: wrap;\n  }\n\n#uc_content_tabs_elementor_7fa9190 > ul.ue-tabs > li{\n\tpadding:0px; \n\tmargin:0px;\n           flex:1;\n       text-align:center;\n    \t\n}\n\t\n#uc_content_tabs_elementor_7fa9190 > ul.ue-tabs > li > a {\t\n\tdisplay:flex;\n\ttext-decoration:none;\n    transition:0.5s;\n    flex-wrap: wrap;    \n}\n\n#uc_content_tabs_elementor_7fa9190 .tab-container {\n\tclear:both;\n\toverflow:hidden;\n}\n\n#uc_content_tabs_elementor_7fa9190 .ue_post_image img{\n  display:block;\n  width:100%;\n  object-fit: cover;\n}\n\n#uc_content_tabs_elementor_7fa9190 .ue_post_link{\n  display:;\n  text-decoration:none;\n}\n\n#uc_content_tabs_elementor_7fa9190 .panes{ \n  display:none;\n}\n\n#uc_content_tabs_elementor_7fa9190.r-tabs .r-tabs-tab {\n    display: block;\n    margin: 0;\n    list-style: none;\n}\n\n#uc_content_tabs_elementor_7fa9190.r-tabs .r-tabs-panel {\n    display: none;\n}\n\n#uc_content_tabs_elementor_7fa9190.r-tabs .r-tabs-accordion-title {\n    display: none;\n}\n\n#uc_content_tabs_elementor_7fa9190.r-tabs .r-tabs-panel.r-tabs-state-active {\n    display: flex;\n}\n\n#uc_content_tabs_elementor_7fa9190 .panel-container{\n   width:100%;\n}\n\n\n\n\n<\/style>\n\n<div class=\"uc_bold_tabs padding  \" id=\"uc_content_tabs_elementor_7fa9190\"  data-debug=\"false\" data-editor=\"no\"  data-collapsible=\"false\" data-hash=\"true\" data-hash-scroll=\"off\" data-scroll-to-selected-tab-offset=\"0\" data-scroll-after-selected=\"false\" data-remote-type=\"tabs\">\n  <ul class=\"ue-tabs uc_tab_nav uc-items-wrapper\">\n      \n<li class=\"elementor-repeater-item-918791c\">  \t\n  <a href=\"javascript:void(0);\" data-content-id=\"uc_content_tabs_elementor_7fa9190_item1\"  id=\"degus\" data-hash-id=\"#degus\" class=\"ue-tab-btn\">\n            \t   \n    <div>Degustationsmen\u00fc<br>(Caldentey, Soler, Tomeu, Cruu)<\/div>\n  <\/a>      \n<\/li>\n  \n<li class=\"elementor-repeater-item-4a54292\">  \t\n  <a href=\"javascript:void(0);\" data-content-id=\"uc_content_tabs_elementor_7fa9190_item2\"  id=\"bartomeu\" data-hash-id=\"#bartomeu\" class=\"ue-tab-btn\">\n            \t   \n    <div>Men\u00fc Bartomeu <br>(Migdia y Nit)<\/div>\n  <\/a>      \n<\/li>\n  \n<li class=\"elementor-repeater-item-6d40b0f\">  \t\n  <a href=\"javascript:void(0);\" data-content-id=\"uc_content_tabs_elementor_7fa9190_item3\"  id=\"carta\" data-hash-id=\"#carta\" class=\"ue-tab-btn\">\n            \t   \n    <div>Die Tafel<br>(\u00e0 la carte)<\/div>\n  <\/a>      \n<\/li>\n\n  <\/ul>\n  <div class=\"panel-container uc_tab_content uc-items-wrapper2\">\n\t<div id=\"uc_content_tabs_elementor_7fa9190_item1\" class=\"tab-container panes\">\n  <div>\n              <div class=\"ue-item-content-layout\"> \n                <div class=\"ue-item-content-wrapper\">\n                    <div class=\"ue-content-text\"><p><iframe style=\"width: 100%; min-height: 800px; border: none; overflow: scroll;\" src=\"https:\/\/widget.thefork.com\/es\/f4db8dbf-aea4-4da2-b1b7-3342e2782990\"><\/iframe><\/p>\n<\/div>                  <\/div>  \n      <\/div>\n         \n      <\/div>\n<\/div>\n<div id=\"uc_content_tabs_elementor_7fa9190_item2\" class=\"tab-container panes\">\n  <div>\n              <div class=\"ue-item-content-layout\"> \n                <div class=\"ue-item-content-wrapper\">\n                    <div class=\"ue-content-text\"><p><iframe style=\"width: 100%; min-height: 800px; border: none; overflow: scroll;\" src=\"https:\/\/widget.thefork.com\/343f4e45-19db-4e2f-bcd1-1e9d1c0eaa1b\"><\/iframe><\/p>\n<\/div>                  <\/div>  \n      <\/div>\n         \n      <\/div>\n<\/div>\n<div id=\"uc_content_tabs_elementor_7fa9190_item3\" class=\"tab-container panes\">\n  <div>\n              <div class=\"ue-item-content-layout\"> \n                <div class=\"ue-item-content-wrapper\">\n                    <div class=\"ue-content-text\"><p><script type=\"text\/javascript\"\n                                                                                        src=\"https:\/\/www.covermanager.com\/js\/iframeResizer\/iframeResizer.min.js\"><\/script><iframe\n                                                            id=\"restaurant-tomeu-caldentey\" title=\"Reservas\"\n                                                            src=\"https:\/\/www.covermanager.com\/reservation\/module_restaurant\/restaurant-tomeu-caldentey\/english\"\n                                                            allow=\"payment\" frameborder=\"0\" height=\"550\" width=\"100%\" onload=\"iFrameResize();\"><\/iframe><\/p>\n<\/div>                  <\/div>  \n      <\/div>\n         \n      <\/div>\n<\/div>\n\n  <\/div>\n  \n  <div class=\"uc-accordion-contents-template\" style=\"display:none\">\n    <div class=\"uc-accordion-icon\">\n      <span class=\"uc-accordion-icon-expand\"><i class='fas fa-plus'><\/i><\/span>\n      <span class=\"uc-accordion-icon-collapse\"><i class='fas fa-minus'><\/i><\/span>\n    <\/div>\n  <\/div>\n  \n<\/div>\n<!-- end Content Tabs -->\t\t\t\t<\/div>\n\t\t\t\t<\/div>\n\t\t\t\t\t<\/div>\n\t\t\t\t<\/div>\n\t\t\t\t<\/div>\n\t\t","protected":false},"excerpt":{"rendered":"<p>Online reservieren W\u00e4hlen Sie eine Option \u2193 Degustationsmen\u00fc(Caldentey, Soler, Tomeu, Cruu) Men\u00fc Bartomeu (Migdia y Nit) Die Tafel(\u00e0 la carte)<\/p>\n","protected":false},"author":1,"featured_media":1735,"parent":0,"menu_order":0,"comment_status":"closed","ping_status":"closed","template":"","meta":{"footnotes":""},"class_list":["post-1219","page","type-page","status-publish","has-post-thumbnail","hentry"],"_links":{"self":[{"href":"https:\/\/tomeucaldentey.com\/de\/wp-json\/wp\/v2\/pages\/1219","targetHints":{"allow":["GET"]}}],"collection":[{"href":"https:\/\/tomeucaldentey.com\/de\/wp-json\/wp\/v2\/pages"}],"about":[{"href":"https:\/\/tomeucaldentey.com\/de\/wp-json\/wp\/v2\/types\/page"}],"author":[{"embeddable":true,"href":"https:\/\/tomeucaldentey.com\/de\/wp-json\/wp\/v2\/users\/1"}],"replies":[{"embeddable":true,"href":"https:\/\/tomeucaldentey.com\/de\/wp-json\/wp\/v2\/comments?post=1219"}],"version-history":[{"count":27,"href":"https:\/\/tomeucaldentey.com\/de\/wp-json\/wp\/v2\/pages\/1219\/revisions"}],"predecessor-version":[{"id":2184,"href":"https:\/\/tomeucaldentey.com\/de\/wp-json\/wp\/v2\/pages\/1219\/revisions\/2184"}],"wp:featuredmedia":[{"embeddable":true,"href":"https:\/\/tomeucaldentey.com\/de\/wp-json\/wp\/v2\/media\/1735"}],"wp:attachment":[{"href":"https:\/\/tomeucaldentey.com\/de\/wp-json\/wp\/v2\/media?parent=1219"}],"curies":[{"name":"wp","href":"https:\/\/api.w.org\/{rel}","templated":true}]}}