{"id":1291,"date":"2023-10-03T13:49:39","date_gmt":"2023-10-03T13:49:39","guid":{"rendered":"https:\/\/tomeucaldentey.com\/?page_id=1291"},"modified":"2024-03-14T12:30:11","modified_gmt":"2024-03-14T12:30:11","slug":"cookie-richtline","status":"publish","type":"page","link":"https:\/\/tomeucaldentey.com\/de\/cookie-richtline\/","title":{"rendered":"Cookie Richtline"},"content":{"rendered":"\n<p>Was ist ein Cookie?<\/p>\n\n\n\n<p>Ein Cookie ist eine Datei, die beim Zugriff auf bestimmte Webseiten auf ein Ger\u00e4t (Computer oder Mobiltelefon) heruntergeladen wird.&nbsp;Cookies erm\u00f6glichen es einer Website unter anderem, Informationen \u00fcber die Surfgewohnheiten eines Benutzers oder eines Computers zu speichern und abzurufen. Abh\u00e4ngig von den darin enthaltenen Informationen und der Art und Weise, wie Sie Ihren Computer verwenden, k\u00f6nnen sie zur Wiedererkennung des Benutzers verwendet werden.<\/p>\n\n\n\n<p>Von dieser Website verwendete Cookies<\/p>\n\n\n\n<p>Sicherheitscookies: erm\u00f6glichen die Authentifizierung von Benutzern, um Daten vor unbefugten Dritten zu sch\u00fctzen.<br>Analytische Cookies: Hierbei handelt es sich um Cookies, die es dem Verantwortlichen erm\u00f6glichen, das Verhalten der Website-Benutzer zu \u00fcberwachen und zu analysieren.<br>Sitzungscookies: sind eine Art von Cookies, die dazu dienen, Daten zu sammeln und zu speichern, w\u00e4hrend der Benutzer auf die Website zugreift.<br>Permanente Cookies: sind eine Art von Cookies, bei denen die Daten weiterhin im Endger\u00e4t gespeichert werden und f\u00fcr einen vom Cookie-Verantwortlichen festgelegten Zeitraum abgerufen und verarbeitet werden k\u00f6nnen.<br>Cookies blockieren und l\u00f6schen<\/p>\n\n\n\n<p>Sie k\u00f6nnen auf Ihrem Computer installierte Cookies zulassen, blockieren oder l\u00f6schen, indem Sie die Optionen des auf Ihrem Computer installierten Browsers konfigurieren.<br>\u00d8 Weitere Informationen zum Blockieren und L\u00f6schen der Verwendung von Cookies mit dem Firefox-Browser finden Sie hier.<br>\u00d8 Weitere Informationen zum Blockieren und L\u00f6schen der Verwendung von Cookies im Google Chrome-Browser finden Sie hier.<br>\u00d8 Weitere Informationen zum Blockieren und L\u00f6schen der Verwendung von Cookies mit dem Internet Explorer-Browser finden Sie hier.<\/p>\n\n\n\n<p>Cookie-Details<\/p>\n\n\n\n<p>NAME TYP\/ZWECK ABLAUF EIGENT\u00dcMER WEITERE INFORMATIONEN<br>SID Sicherheitscookie Am Ende der Browsersitzung Google Datenschutzrichtlinie von Google<br>__utma Analytisches Cookie: sammelt Informationen \u00fcber die Besuche des Benutzers auf der Website.&nbsp;In zwei Jahren Google Analytics Google-Datenschutzrichtlinie<br>__utmb Analytisches Cookie: Sammelt Informationen ab dem Moment, in dem der Benutzer die Website betritt.&nbsp;In 30 Minuten Google Analytics Google-Datenschutzerkl\u00e4rung<br>__utmc Analytisches Cookie: sammelt Informationen ab dem Moment, in dem der Benutzer die Website verl\u00e4sst. Am Ende der Browsersitzung Google Analytics Google-Datenschutzerkl\u00e4rung<br>__utmz Analytisches Cookie: sammelt Informationen dar\u00fcber, wie der Benutzer die Webseite gefunden hat .&nbsp;In 6 Monaten Google Analytics Google-Datenschutzerkl\u00e4rung<\/p>\n","protected":false},"excerpt":{"rendered":"<p>Was ist ein Cookie? Ein Cookie ist eine Datei, die beim Zugriff auf bestimmte Webseiten auf ein Ger\u00e4t (Computer oder Mobiltelefon) heruntergeladen wird.&nbsp;Cookies erm\u00f6glichen es einer Website unter anderem, Informationen \u00fcber die Surfgewohnheiten eines Benutzers oder eines Computers zu speichern und abzurufen. Abh\u00e4ngig von den darin enthaltenen Informationen und der Art und Weise, wie Sie [&hellip;]<\/p>\n","protected":false},"author":1,"featured_media":0,"parent":0,"menu_order":0,"comment_status":"closed","ping_status":"closed","template":"","meta":{"footnotes":""},"class_list":["post-1291","page","type-page","status-publish","hentry"],"_links":{"self":[{"href":"https:\/\/tomeucaldentey.com\/de\/wp-json\/wp\/v2\/pages\/1291","targetHints":{"allow":["GET"]}}],"collection":[{"href":"https:\/\/tomeucaldentey.com\/de\/wp-json\/wp\/v2\/pages"}],"about":[{"href":"https:\/\/tomeucaldentey.com\/de\/wp-json\/wp\/v2\/types\/page"}],"author":[{"embeddable":true,"href":"https:\/\/tomeucaldentey.com\/de\/wp-json\/wp\/v2\/users\/1"}],"replies":[{"embeddable":true,"href":"https:\/\/tomeucaldentey.com\/de\/wp-json\/wp\/v2\/comments?post=1291"}],"version-history":[{"count":1,"href":"https:\/\/tomeucaldentey.com\/de\/wp-json\/wp\/v2\/pages\/1291\/revisions"}],"predecessor-version":[{"id":1292,"href":"https:\/\/tomeucaldentey.com\/de\/wp-json\/wp\/v2\/pages\/1291\/revisions\/1292"}],"wp:attachment":[{"href":"https:\/\/tomeucaldentey.com\/de\/wp-json\/wp\/v2\/media?parent=1291"}],"curies":[{"name":"wp","href":"https:\/\/api.w.org\/{rel}","templated":true}]}}