{"id":1297,"date":"2023-10-03T13:49:22","date_gmt":"2023-10-03T13:49:22","guid":{"rendered":"https:\/\/tomeucaldentey.com\/?page_id=1297"},"modified":"2024-03-14T12:34:38","modified_gmt":"2024-03-14T12:34:38","slug":"datenschutzrichtlinie","status":"publish","type":"page","link":"https:\/\/tomeucaldentey.com\/de\/datenschutzrichtlinie\/","title":{"rendered":"Datenschutzrichtlinie"},"content":{"rendered":"\n<p>Datenschutzrichtlinie f\u00fcr tomeucaldentey.com<\/p>\n\n\n\n<p>Bei tomeucaldentey.com ist uns die Privatsph\u00e4re unserer Besucher sehr wichtig.&nbsp;Diese Datenschutzrichtlinie beschreibt die Arten personenbezogener Daten, die beim Besuch unserer Website erfasst und empfangen werden, wie diese Informationen verwendet werden und wie Ihre Privatsph\u00e4re gesch\u00fctzt wird.<\/p>\n\n\n\n<p>Erfassung personenbezogener Daten<br>Wenn Sie tomeucaldentey.com besuchen, erfassen wir nicht personenbezogene Daten, die keinen einzelnen Benutzer spezifisch identifizieren.&nbsp;Diese Informationen werden verwendet, um den Inhalt und die Qualit\u00e4t der Website zu verbessern.&nbsp;Wir erfassen auch personenbezogene Daten, die Sie uns freiwillig zur Verf\u00fcgung stellen, beispielsweise Ihren Namen und Ihre E-Mail-Adresse.&nbsp;Diese Informationen werden verwendet, um Ihnen Newsletter und andere Werbe-E-Mails zu senden.&nbsp;Wir geben Ihre pers\u00f6nlichen Daten nicht ohne Ihre Zustimmung an Dritte weiter.<\/p>\n\n\n\n<p>Cookies und \u00e4hnliche Technologien<br>Wir verwenden Cookies und \u00e4hnliche Technologien, um Ihr Erlebnis auf unserer Website zu verbessern.&nbsp;Cookies sind kleine Textdateien, die auf Ihrem Ger\u00e4t abgelegt werden, wenn Sie unsere Website besuchen.&nbsp;Wir verwenden Cookies, um Ihre Pr\u00e4ferenzen zu speichern und den auf unserer Website angezeigten Inhalt zu personalisieren.&nbsp;Wir verwenden Cookies auch, um statistische Informationen dar\u00fcber zu sammeln, wie Sie unsere Website nutzen.<\/p>\n\n\n\n<p>Sicherheit personenbezogener Daten<br>Wir ergreifen Sicherheitsma\u00dfnahmen, um Ihre personenbezogenen Daten vor unbefugtem Zugriff, Offenlegung und Missbrauch zu sch\u00fctzen.&nbsp;Wir sind bestrebt, die Richtigkeit und Integrit\u00e4t Ihrer personenbezogenen Daten zu wahren.<\/p>\n\n\n\n<p>Links zu anderen Websites<br>tomeucaldentey.com kann Links zu anderen Websites enthalten, die nicht unter unserer Kontrolle stehen.&nbsp;Wir sind nicht verantwortlich f\u00fcr die Datenschutzpraktiken oder den Inhalt dieser Websites.&nbsp;Wir empfehlen Ihnen, die Datenschutzrichtlinien dieser Websites zu lesen, bevor Sie personenbezogene Daten angeben.<\/p>\n\n\n\n<p>\u00c4nderungen dieser Datenschutzrichtlinie<br>Wir behalten uns das Recht vor, diese Datenschutzrichtlinie jederzeit zu aktualisieren.&nbsp;Alle \u00c4nderungen dieser Datenschutzrichtlinie werden sofort nach der Ver\u00f6ffentlichung auf dieser Website wirksam.<\/p>\n\n\n\n<p>Kontaktieren Sie uns<br>Wenn Sie Fragen oder Bedenken zu dieser Datenschutzrichtlinie oder der Art und Weise haben, wie wir mit Ihren pers\u00f6nlichen Daten umgehen, z\u00f6gern Sie bitte nicht, uns per E-Mail zu kontaktieren: info@tomeucaldentey.com<\/p>\n","protected":false},"excerpt":{"rendered":"<p>Datenschutzrichtlinie f\u00fcr tomeucaldentey.com Bei tomeucaldentey.com ist uns die Privatsph\u00e4re unserer Besucher sehr wichtig.&nbsp;Diese Datenschutzrichtlinie beschreibt die Arten personenbezogener Daten, die beim Besuch unserer Website erfasst und empfangen werden, wie diese Informationen verwendet werden und wie Ihre Privatsph\u00e4re gesch\u00fctzt wird. Erfassung personenbezogener DatenWenn Sie tomeucaldentey.com besuchen, erfassen wir nicht personenbezogene Daten, die keinen einzelnen Benutzer spezifisch [&hellip;]<\/p>\n","protected":false},"author":1,"featured_media":0,"parent":0,"menu_order":0,"comment_status":"closed","ping_status":"closed","template":"","meta":{"footnotes":""},"class_list":["post-1297","page","type-page","status-publish","hentry"],"_links":{"self":[{"href":"https:\/\/tomeucaldentey.com\/de\/wp-json\/wp\/v2\/pages\/1297","targetHints":{"allow":["GET"]}}],"collection":[{"href":"https:\/\/tomeucaldentey.com\/de\/wp-json\/wp\/v2\/pages"}],"about":[{"href":"https:\/\/tomeucaldentey.com\/de\/wp-json\/wp\/v2\/types\/page"}],"author":[{"embeddable":true,"href":"https:\/\/tomeucaldentey.com\/de\/wp-json\/wp\/v2\/users\/1"}],"replies":[{"embeddable":true,"href":"https:\/\/tomeucaldentey.com\/de\/wp-json\/wp\/v2\/comments?post=1297"}],"version-history":[{"count":1,"href":"https:\/\/tomeucaldentey.com\/de\/wp-json\/wp\/v2\/pages\/1297\/revisions"}],"predecessor-version":[{"id":1298,"href":"https:\/\/tomeucaldentey.com\/de\/wp-json\/wp\/v2\/pages\/1297\/revisions\/1298"}],"wp:attachment":[{"href":"https:\/\/tomeucaldentey.com\/de\/wp-json\/wp\/v2\/media?parent=1297"}],"curies":[{"name":"wp","href":"https:\/\/api.w.org\/{rel}","templated":true}]}}