{"id":1288,"date":"2023-10-03T13:49:39","date_gmt":"2023-10-03T13:49:39","guid":{"rendered":"https:\/\/tomeucaldentey.com\/?page_id=1288"},"modified":"2024-03-14T12:29:21","modified_gmt":"2024-03-14T12:29:21","slug":"cookies-policy","status":"publish","type":"page","link":"https:\/\/tomeucaldentey.com\/en\/cookies-policy\/","title":{"rendered":"Cookies policy"},"content":{"rendered":"\n<p>What is a cookie?<\/p>\n\n\n\n<p>A cookie is a file that is downloaded to a device (computer or mobile phone) when accessing certain web pages.&nbsp;Cookies allow a website, among other things, to store and retrieve information about the browsing habits of a user or a computer and, depending on the information they contain and the way you use your computer, they can be used to recognize to user.<\/p>\n\n\n\n<p>Cookies used by this website<\/p>\n\n\n\n<p>Security cookies: allow users to be authenticated to protect data from unauthorized third parties.<br>Analytical cookies: these are those that allow the person responsible for them to monitor and analyze the behavior of website users.<br>Session cookies: are a type of cookies designed to collect and store data while the user accesses the website.<br>Persistent cookies: are a type of cookie in which the data continues to be stored in the terminal and can be accessed and processed for a period defined by the person responsible for the cookie.<br>Block and delete cookies<\/p>\n\n\n\n<p>You can allow, block or delete cookies installed on your computer by configuring the options of the browser installed on your computer.<br>\u00d8 For more information on how to block and delete the use of cookies with the Firefox browser, click here.<br>\u00d8 For more information on how to block and delete the use of cookies in the Google Chrome browser, click here.<br>\u00d8 For more information on how to block and delete the use of cookies with the Internet Explorer browser, click here.<\/p>\n\n\n\n<p>Cookies details<\/p>\n\n\n\n<p>NAME TYPE\/PURPOSE EXPIRATION OWNER MORE INFORMATION<br>SID Security cookie At the end of the browsing session Google Google privacy policy<br>__utma Analytical cookie: collects information about the user&#8217;s visits to the website.&nbsp;In two years Google analytics Google privacy policy<br>__utmb Analytical cookie: collects information from the moment the user enters the website.&nbsp;In 30 minutes Google analytics Google privacy policy<br>__utmc Analytical cookie: collects information from the moment the user leaves the website At the end of the browser session Google analytics Google privacy policy<br>__utmz Analytical cookie: collects about how the user has the user found the web page.&nbsp;In 6 months Google analytics Google privacy policy<\/p>\n","protected":false},"excerpt":{"rendered":"<p>What is a cookie? A cookie is a file that is downloaded to a device (computer or mobile phone) when accessing certain web pages.&nbsp;Cookies allow a website, among other things, to store and retrieve information about the browsing habits of a user or a computer and, depending on the information they contain and the way [&hellip;]<\/p>\n","protected":false},"author":1,"featured_media":0,"parent":0,"menu_order":0,"comment_status":"closed","ping_status":"closed","template":"","meta":{"footnotes":""},"class_list":["post-1288","page","type-page","status-publish","hentry"],"_links":{"self":[{"href":"https:\/\/tomeucaldentey.com\/en\/wp-json\/wp\/v2\/pages\/1288","targetHints":{"allow":["GET"]}}],"collection":[{"href":"https:\/\/tomeucaldentey.com\/en\/wp-json\/wp\/v2\/pages"}],"about":[{"href":"https:\/\/tomeucaldentey.com\/en\/wp-json\/wp\/v2\/types\/page"}],"author":[{"embeddable":true,"href":"https:\/\/tomeucaldentey.com\/en\/wp-json\/wp\/v2\/users\/1"}],"replies":[{"embeddable":true,"href":"https:\/\/tomeucaldentey.com\/en\/wp-json\/wp\/v2\/comments?post=1288"}],"version-history":[{"count":2,"href":"https:\/\/tomeucaldentey.com\/en\/wp-json\/wp\/v2\/pages\/1288\/revisions"}],"predecessor-version":[{"id":1290,"href":"https:\/\/tomeucaldentey.com\/en\/wp-json\/wp\/v2\/pages\/1288\/revisions\/1290"}],"wp:attachment":[{"href":"https:\/\/tomeucaldentey.com\/en\/wp-json\/wp\/v2\/media?parent=1288"}],"curies":[{"name":"wp","href":"https:\/\/api.w.org\/{rel}","templated":true}]}}